{"id":3320,"date":"2023-05-25T07:44:24","date_gmt":"2023-05-25T07:44:24","guid":{"rendered":"https:\/\/pogoh.com\/membresia-corporativa\/"},"modified":"2023-05-26T17:57:18","modified_gmt":"2023-05-26T17:57:18","slug":"membresia-corporativa","status":"publish","type":"page","link":"https:\/\/pogoh.com\/es\/membresia-corporativa\/","title":{"rendered":"Membres\u00eda Corporativa"},"content":{"rendered":"\n<h2>\n\t\tMembres\u00eda Corporativa\n\t<\/h2>\n\t\u00bfQuiere que su oficina vaya sobre ruedas?<br \/>\n\u00bfQuiere brindar a sus residentes un beneficio \u00fatil y divertido para que aprovechen al m\u00e1ximo su estad\u00eda en Pittsburgh?<br \/>\nLa Membres\u00eda para empresas de POGOH es un beneficio que pueden brindar empresas de cualquier tama\u00f1o y ofrece oportunidades de transporte, salud, bienestar y vida social.\n<p>&nbsp;<\/p>\n<p>POGOH brinda una oportunidad \u00fanica para que las organizaciones conecten con nuestra misi\u00f3n de expandir el acceso al transporte p\u00fablico mediante oportunidades de traslado f\u00e1ciles de usar, asequibles y funcionales a la vez que proveen a sus equipos de todos los beneficios del sistema de bicicletas compartidas.<\/p>\n<p>&nbsp;<\/p>\n<p>\u00bfTodo listo para comenzar? Complete el formulario de <a href=\"https:\/\/docs.google.com\/forms\/d\/e\/1FAIpQLSeNZBY7-ziB5SuN34kBEE0d6_oYIjepTeT-4SGf2YP5uXdn0g\/viewform?usp=sf_link\">Google<\/a>.<\/p>\n\t\t\t\t<img fetchpriority=\"high\" decoding=\"async\" src=\"https:\/\/pogoh.com\/wp-content\/uploads\/2022\/09\/2022.05.12-POGOH-Ray-and-Ngani-web-14-of-46-scaled.jpg\" alt=\"2022.05.12 POGOH Ray and Ngani web (14 of 46)\" itemprop=\"image\" height=\"1707\" width=\"2560\" title=\"2022.05.12 POGOH Ray and Ngani web (14 of 46)\" onerror=\"this.style.display='none'\"  \/>\n<h2>\n\t\tQuiero saber m\u00e1s\n\t<\/h2>\n\tPOGOH ofrece la Membres\u00eda anual a un precio muy reducido para los empresarios y desarrolladores del distrito.<br \/>\nPara activar la Membres\u00eda para empresas, el m\u00ednimo es de 5 empleados.<br \/>\nPOGOH te ayudar\u00e1 a encontrar el plan que mejor se adapte a las necesidades de tu organizaci\u00f3n.\n<p>&nbsp;<\/p>\n<p>\u00a1Completa el formulario de <a href=\"https:\/\/docs.google.com\/forms\/d\/e\/1FAIpQLSeNZBY7-ziB5SuN34kBEE0d6_oYIjepTeT-4SGf2YP5uXdn0g\/viewform?usp=sf_link\">Google<\/a> y te enviaremos m\u00e1s opciones de precios!<\/p>\n\t<h3>Membres\u00eda anual<\/h3>\n$500 precio inicial (por \u00fanica vez)<br \/>\n$95 por empleado\n<ul>\n<li>Solo abonas por cada persona que se inscriba<\/li>\n<\/ul>\n<h5>Beneficios personales:<\/h5>\n<ul>\n<li>Viajes ilimitados de 30 minutos por 365 d\u00edas<\/li>\n<li>$1 adicional por el alquiler de una bici el\u00e9ctrica, a cargo de la persona y no de la organizaci\u00f3n<\/li>\n<\/ul>\n<h5>Beneficios grupales:<\/h5>\n<ul>\n<li>Almuerzo anual y Taller de aprendizaje con exposici\u00f3n de POGOH<\/li>\n<li>Paseo en bicicleta grupal dise\u00f1ado y organizado por POGOH para un m\u00e1ximo de 30 asistentes<\/li>\n<li>Invitaciones a eventos y paseos en bicicleta<\/li>\n<\/ul>\n\t<h3>Algunos de nuestros colaboradores<\/h3>\n<p>Trabajamos junto con organizaciones de Pittsburgh que ofrecen membres\u00edas de POGOH gratuitas a sus empleados. \u00a1\u00danete a la comunidad!<\/p>\n\t\t\t\t<img decoding=\"async\" src=\"https:\/\/pogoh.com\/wp-content\/uploads\/2023\/01\/highmark-logo.png\" alt=\"highmark-logo\" itemprop=\"image\" height=\"164\" width=\"1047\" title=\"highmark-logo\" onerror=\"this.style.display='none'\"  \/>\n\t\t\t\t<img decoding=\"async\" src=\"https:\/\/pogoh.com\/wp-content\/uploads\/2023\/01\/Allegheny_Health_Network_logo.svg.png\" alt=\"Allegheny_Health_Network_logo.svg\" itemprop=\"image\" height=\"380\" width=\"1200\" title=\"Allegheny_Health_Network_logo.svg\" onerror=\"this.style.display='none'\"  \/>\n\t\t\t\t<img loading=\"lazy\" decoding=\"async\" src=\"https:\/\/pogoh.com\/wp-content\/uploads\/2023\/01\/University_of_Pittsburgh_seal.png\" alt=\"University_of_Pittsburgh_seal\" itemprop=\"image\" height=\"300\" width=\"300\" title=\"University_of_Pittsburgh_seal\" onerror=\"this.style.display='none'\"  \/>\n\t\t\t\t<img loading=\"lazy\" decoding=\"async\" src=\"https:\/\/pogoh.com\/wp-content\/uploads\/2023\/01\/Google-logo.png\" alt=\"Google-logo\" itemprop=\"image\" height=\"2160\" width=\"3840\" title=\"Google-logo\" onerror=\"this.style.display='none'\"  \/>\n\t\t\t\t<img loading=\"lazy\" decoding=\"async\" src=\"https:\/\/pogoh.com\/wp-content\/uploads\/2023\/01\/Allegheny-Conference.png\" alt=\"Allegheny Conference\" itemprop=\"image\" height=\"621\" width=\"1715\" title=\"Allegheny Conference\" onerror=\"this.style.display='none'\"  \/>\n\t\t\t\t<img loading=\"lazy\" decoding=\"async\" src=\"https:\/\/pogoh.com\/wp-content\/uploads\/2023\/01\/DOMI.jpeg\" alt=\"DOMI\" itemprop=\"image\" height=\"400\" width=\"400\" title=\"DOMI\" onerror=\"this.style.display='none'\"  \/>\n\t\t\t\t<img loading=\"lazy\" decoding=\"async\" src=\"https:\/\/pogoh.com\/wp-content\/uploads\/2023\/01\/IngMarMedical.png\" alt=\"IngMarMedical\" itemprop=\"image\" height=\"122\" width=\"400\" title=\"IngMarMedical\" onerror=\"this.style.display='none'\"  \/>\n\t\t\t\t<img loading=\"lazy\" decoding=\"async\" src=\"https:\/\/pogoh.com\/wp-content\/uploads\/2023\/01\/Glasshouse-Apts.png\" alt=\"Glasshouse Apts\" itemprop=\"image\" height=\"111\" width=\"400\" title=\"Glasshouse Apts\" onerror=\"this.style.display='none'\"  \/>\n\t\t\t\t<img loading=\"lazy\" decoding=\"async\" src=\"https:\/\/pogoh.com\/wp-content\/uploads\/2023\/01\/Hillman-Fam-Foundation.png\" alt=\"Hillman Fam Foundation\" itemprop=\"image\" height=\"144\" width=\"270\" title=\"Hillman Fam Foundation\" onerror=\"this.style.display='none'\"  \/>\n\t\t\t\t<img loading=\"lazy\" decoding=\"async\" src=\"https:\/\/pogoh.com\/wp-content\/uploads\/2023\/01\/Hillman-Co-1.png\" alt=\"Hillman Co\" itemprop=\"image\" height=\"69\" width=\"256\" title=\"Hillman Co\" onerror=\"this.style.display='none'\"  \/>\n\t\t\t\t<img loading=\"lazy\" decoding=\"async\" src=\"https:\/\/pogoh.com\/wp-content\/uploads\/2023\/01\/twofrays.png\" alt=\"twofrays\" itemprop=\"image\" height=\"202\" width=\"160\" title=\"twofrays\" onerror=\"this.style.display='none'\"  \/>\n\t\t\t\t<img loading=\"lazy\" decoding=\"async\" src=\"https:\/\/pogoh.com\/wp-content\/uploads\/2023\/01\/Emerald-City-.png\" alt=\"Emerald City\" itemprop=\"image\" height=\"730\" width=\"1300\" title=\"Emerald City\" onerror=\"this.style.display='none'\"  \/>\n\t\t\t\t<img loading=\"lazy\" decoding=\"async\" src=\"https:\/\/pogoh.com\/wp-content\/uploads\/2023\/01\/VibrantPGH_Logo_Color.png\" alt=\"VibrantPGH_Logo_Color\" itemprop=\"image\" height=\"956\" width=\"2650\" title=\"VibrantPGH_Logo_Color\" onerror=\"this.style.display='none'\"  \/>\n\n","protected":false},"excerpt":{"rendered":"","protected":false},"author":7,"featured_media":0,"parent":0,"menu_order":0,"comment_status":"closed","ping_status":"closed","template":"","meta":{"_acf_changed":false,"footnotes":""},"class_list":["post-3320","page","type-page","status-publish","hentry"],"acf":[],"_links":{"self":[{"href":"https:\/\/pogoh.com\/es\/wp-json\/wp\/v2\/pages\/3320","targetHints":{"allow":["GET"]}}],"collection":[{"href":"https:\/\/pogoh.com\/es\/wp-json\/wp\/v2\/pages"}],"about":[{"href":"https:\/\/pogoh.com\/es\/wp-json\/wp\/v2\/types\/page"}],"author":[{"embeddable":true,"href":"https:\/\/pogoh.com\/es\/wp-json\/wp\/v2\/users\/7"}],"replies":[{"embeddable":true,"href":"https:\/\/pogoh.com\/es\/wp-json\/wp\/v2\/comments?post=3320"}],"version-history":[{"count":3,"href":"https:\/\/pogoh.com\/es\/wp-json\/wp\/v2\/pages\/3320\/revisions"}],"predecessor-version":[{"id":3441,"href":"https:\/\/pogoh.com\/es\/wp-json\/wp\/v2\/pages\/3320\/revisions\/3441"}],"wp:attachment":[{"href":"https:\/\/pogoh.com\/es\/wp-json\/wp\/v2\/media?parent=3320"}],"curies":[{"name":"wp","href":"https:\/\/api.w.org\/{rel}","templated":true}]}}